{"id":249,"date":"2022-11-14T14:59:07","date_gmt":"2022-11-14T14:59:07","guid":{"rendered":"https:\/\/bluehendes-bad-camberg.de\/?page_id=249"},"modified":"2022-11-24T15:51:18","modified_gmt":"2022-11-24T15:51:18","slug":"wert-der-bestaeubung","status":"publish","type":"page","link":"https:\/\/bluehendes-bad-camberg.de\/?page_id=249","title":{"rendered":"Wert der Best\u00e4ubung"},"content":{"rendered":"\n<p>Nach Sch\u00e4tzungen der Weltern\u00e4hrungsorganisation der Vereinten Nationen (FAO) werden 71 der 100 Nutzpflanzenarten, aus denen 90 % der Lebensmittel weltweit gewonnen werden, von Bienen best\u00e4ubt. Alleine der rein finanzielle Wert dieser Best\u00e4ubungsleistung wird weltweit auf Hunderte von Milliarden Euro gesch\u00e4tzt. Hinzu kommt eine fast nicht abzusch\u00e4tzenden Bedeutung der Best\u00e4ubung durch Insekten f\u00fcr den Erhalt der biologischen Vielfalt auf unserem Planeten.<\/p>\n\n\n\n<p>In Europa h\u00e4ngt der Ertrag von 84 % aller angebauten Kulturpflanzen direkt von der Best\u00e4ubung durch Insekten ab. Diese \u00f6kologische Dienstleistung hat einen \u00f6konomischen Wert f\u00fcr ganz Europa von j\u00e4hrlich rund 330 Milliarden Euro.<\/p>\n\n\n\n<p>Alleine im Obstanbau sind unsere Honigbienen f\u00fcr 90 % der Best\u00e4ubung zust\u00e4ndig und der volkswirtschaftliche Wert der Bienenbest\u00e4ubung wird f\u00fcr Deutschland auf \u00fcber 2,5 Milliarden Euro gesch\u00e4tzt. Die Honigbienen best\u00e4uben 85 % aller von Insekten best\u00e4ubten Bl\u00fctenpflanzen und von diesen weltweit 170.000 Bl\u00fctenpflanzenarten sind 40.000 direkt von Bienen abh\u00e4ngig, d. h. ohne die Honigbienen w\u00fcrden diese 40.000 Pflanzenarten aussterben.<\/p>\n\n\n\n<figure class=\"wp-block-image size-full\"><img decoding=\"async\" loading=\"lazy\" width=\"700\" height=\"494\" src=\"https:\/\/bluehendes-bad-camberg.de\/wp-content\/uploads\/2022\/11\/honigbiene6-1.jpg\" alt=\"\" class=\"wp-image-157\" srcset=\"https:\/\/bluehendes-bad-camberg.de\/wp-content\/uploads\/2022\/11\/honigbiene6-1.jpg 700w, https:\/\/bluehendes-bad-camberg.de\/wp-content\/uploads\/2022\/11\/honigbiene6-1-300x212.jpg 300w\" sizes=\"(max-width: 700px) 100vw, 700px\" \/><\/figure>\n","protected":false},"excerpt":{"rendered":"<p>Nach Sch\u00e4tzungen der Weltern\u00e4hrungsorganisation der Vereinten Nationen (FAO) werden 71 der 100 Nutzpflanzenarten, aus denen 90 % der Lebensmittel weltweit gewonnen werden, von Bienen best\u00e4ubt. Alleine der rein finanzielle Wert&hellip; <a class=\"more-link\" href=\"https:\/\/bluehendes-bad-camberg.de\/?page_id=249\"><span class=\"screen-reader-text\">Wert der Best\u00e4ubung<\/span> weiterlesen<\/a><\/p>\n","protected":false},"author":1,"featured_media":0,"parent":0,"menu_order":0,"comment_status":"closed","ping_status":"closed","template":"","meta":[],"_links":{"self":[{"href":"https:\/\/bluehendes-bad-camberg.de\/index.php?rest_route=\/wp\/v2\/pages\/249"}],"collection":[{"href":"https:\/\/bluehendes-bad-camberg.de\/index.php?rest_route=\/wp\/v2\/pages"}],"about":[{"href":"https:\/\/bluehendes-bad-camberg.de\/index.php?rest_route=\/wp\/v2\/types\/page"}],"author":[{"embeddable":true,"href":"https:\/\/bluehendes-bad-camberg.de\/index.php?rest_route=\/wp\/v2\/users\/1"}],"replies":[{"embeddable":true,"href":"https:\/\/bluehendes-bad-camberg.de\/index.php?rest_route=%2Fwp%2Fv2%2Fcomments&post=249"}],"version-history":[{"count":2,"href":"https:\/\/bluehendes-bad-camberg.de\/index.php?rest_route=\/wp\/v2\/pages\/249\/revisions"}],"predecessor-version":[{"id":320,"href":"https:\/\/bluehendes-bad-camberg.de\/index.php?rest_route=\/wp\/v2\/pages\/249\/revisions\/320"}],"wp:attachment":[{"href":"https:\/\/bluehendes-bad-camberg.de\/index.php?rest_route=%2Fwp%2Fv2%2Fmedia&parent=249"}],"curies":[{"name":"wp","href":"https:\/\/api.w.org\/{rel}","templated":true}]}}