{"id":263,"date":"2022-11-14T15:08:45","date_gmt":"2022-11-14T15:08:45","guid":{"rendered":"https:\/\/bluehendes-bad-camberg.de\/?page_id=263"},"modified":"2022-11-14T15:08:46","modified_gmt":"2022-11-14T15:08:46","slug":"honigbienen","status":"publish","type":"page","link":"https:\/\/bluehendes-bad-camberg.de\/?page_id=263","title":{"rendered":"Honigbienen"},"content":{"rendered":"<ul class=\"wp-block-latest-posts__list has-dates has-author wp-block-latest-posts\"><li><a class=\"wp-block-latest-posts__post-title\" href=\"https:\/\/bluehendes-bad-camberg.de\/?p=271\">Drohnen<\/a><div class=\"wp-block-latest-posts__post-author\">von Manfred<\/div><time datetime=\"2022-11-14T15:12:34+00:00\" class=\"wp-block-latest-posts__post-date\">November 14, 2022<\/time><div class=\"wp-block-latest-posts__post-excerpt\">Die Drohnen sind die m\u00e4nnlichen Tiere einer Bienenkolonie, sie haben mit 24 Tagen die l\u00e4ngste Entwicklungszeit aller Bienenwesen. Ihre Brutzellen sind mit einem Durchmesser von 6,3 mm deutlich gr\u00f6\u00dfer als die der Arbeiterinnen, die exakt einen Durchmesser von 5,3 mm haben. Nur in der Zeit von April bis Juli legt die K\u00f6nigin in die von&hellip; <a class=\"more-link\" href=\"https:\/\/bluehendes-bad-camberg.de\/?p=271\"><span class=\"screen-reader-text\">Drohnen<\/span> weiterlesen<\/a><\/div><\/li>\n<li><a class=\"wp-block-latest-posts__post-title\" href=\"https:\/\/bluehendes-bad-camberg.de\/?p=269\">Die Arbeiterin<\/a><div class=\"wp-block-latest-posts__post-author\">von Manfred<\/div><time datetime=\"2022-11-14T15:12:13+00:00\" class=\"wp-block-latest-posts__post-date\">November 14, 2022<\/time><div class=\"wp-block-latest-posts__post-excerpt\">Aus befruchteten Eiern schl\u00fcpfen nach drei Tagen die Larven, die als Rundmaden bezeichnet werden, da sie gekr\u00fcmmt am Wabenzellenboden liegen. Sie werden drei Tage mit Gelee Royal gef\u00fcttert, um das Immunsystem zu st\u00e4rken. Danach erhalten Arbeiterinnenlarven ausschlie\u00dflich Eiwei\u00df in Form von Pollen und Kohlenhydrate in Form von Nektar. Wenn sich die Made nach sechs Tagen&hellip; <a class=\"more-link\" href=\"https:\/\/bluehendes-bad-camberg.de\/?p=269\"><span class=\"screen-reader-text\">Die Arbeiterin<\/span> weiterlesen<\/a><\/div><\/li>\n<li><a class=\"wp-block-latest-posts__post-title\" href=\"https:\/\/bluehendes-bad-camberg.de\/?p=266\">Die K\u00f6nigin<\/a><div class=\"wp-block-latest-posts__post-author\">von Manfred<\/div><time datetime=\"2022-11-14T15:09:57+00:00\" class=\"wp-block-latest-posts__post-date\">November 14, 2022<\/time><div class=\"wp-block-latest-posts__post-excerpt\">Die K\u00f6nigin oder Weisel ist das gr\u00f6\u00dfte Tier im Volk. Sie ist 50 % gr\u00f6\u00dfer als eine normale Arbeiterin und das einzig voll ausgepr\u00e4gte Weibchen, das Eier legt. Sie wird 5 bis 6 Jahre alt und ist keine Regentin, lediglich durch Pheromone, ihren K\u00f6niginnenduftstoff, h\u00e4lt sie das Volk zusammen. Sie sammelt keinen Nektar oder Pollen&hellip; <a class=\"more-link\" href=\"https:\/\/bluehendes-bad-camberg.de\/?p=266\"><span class=\"screen-reader-text\">Die K\u00f6nigin<\/span> weiterlesen<\/a><\/div><\/li>\n<li><a class=\"wp-block-latest-posts__post-title\" href=\"https:\/\/bluehendes-bad-camberg.de\/?p=261\">Das Bienenvolk<\/a><div class=\"wp-block-latest-posts__post-author\">von Manfred<\/div><time datetime=\"2022-11-14T15:07:07+00:00\" class=\"wp-block-latest-posts__post-date\">November 14, 2022<\/time><div class=\"wp-block-latest-posts__post-excerpt\">Wenn wir die Bienchen bei ihren Fl\u00fcgen beobachten und uns an ihrem Treiben erfreuen, dann haben sie den Gro\u00dfteil ihres kurzen Lebens schon hinter sich, drei Wochen Entwicklungszeit als Ei, Larve und Puppe, danach drei Wochen \u201eInnendienst\u201c als Stockbienen. Nur die Altbienen fliegen in ihren letzten ein bis drei Lebenswochen als Sammelbienen umher. In dieser&hellip; <a class=\"more-link\" href=\"https:\/\/bluehendes-bad-camberg.de\/?p=261\"><span class=\"screen-reader-text\">Das Bienenvolk<\/span> weiterlesen<\/a><\/div><\/li>\n<li><a class=\"wp-block-latest-posts__post-title\" href=\"https:\/\/bluehendes-bad-camberg.de\/?p=259\">Honigbienen<\/a><div class=\"wp-block-latest-posts__post-author\">von Manfred<\/div><time datetime=\"2022-11-14T15:06:02+00:00\" class=\"wp-block-latest-posts__post-date\">November 14, 2022<\/time><div class=\"wp-block-latest-posts__post-excerpt\">Neben Rind und Schwein ist die Honigbiene das drittwichtigste Nutztier und zugleich unser kleinstes Haustier. Die Best\u00e4ubung unserer Bl\u00fctenpflanzen vom Obstbaum bis zum Rapsfeld durch die Honigbiene kann nicht hoch genug bewertet werden. Im Gegensatz zu Wildbienen und Hummeln sind die Honigbienen trachttreu, d. h. sie sammeln nicht wahllos durcheinander, sondern fliegen pro Sammelflug nur&hellip; <a class=\"more-link\" href=\"https:\/\/bluehendes-bad-camberg.de\/?p=259\"><span class=\"screen-reader-text\">Honigbienen<\/span> weiterlesen<\/a><\/div><\/li>\n<\/ul>","protected":false},"excerpt":{"rendered":"","protected":false},"author":1,"featured_media":0,"parent":0,"menu_order":0,"comment_status":"closed","ping_status":"closed","template":"","meta":[],"_links":{"self":[{"href":"https:\/\/bluehendes-bad-camberg.de\/index.php?rest_route=\/wp\/v2\/pages\/263"}],"collection":[{"href":"https:\/\/bluehendes-bad-camberg.de\/index.php?rest_route=\/wp\/v2\/pages"}],"about":[{"href":"https:\/\/bluehendes-bad-camberg.de\/index.php?rest_route=\/wp\/v2\/types\/page"}],"author":[{"embeddable":true,"href":"https:\/\/bluehendes-bad-camberg.de\/index.php?rest_route=\/wp\/v2\/users\/1"}],"replies":[{"embeddable":true,"href":"https:\/\/bluehendes-bad-camberg.de\/index.php?rest_route=%2Fwp%2Fv2%2Fcomments&post=263"}],"version-history":[{"count":1,"href":"https:\/\/bluehendes-bad-camberg.de\/index.php?rest_route=\/wp\/v2\/pages\/263\/revisions"}],"predecessor-version":[{"id":264,"href":"https:\/\/bluehendes-bad-camberg.de\/index.php?rest_route=\/wp\/v2\/pages\/263\/revisions\/264"}],"wp:attachment":[{"href":"https:\/\/bluehendes-bad-camberg.de\/index.php?rest_route=%2Fwp%2Fv2%2Fmedia&parent=263"}],"curies":[{"name":"wp","href":"https:\/\/api.w.org\/{rel}","templated":true}]}}