{"id":282,"date":"2022-11-14T15:17:55","date_gmt":"2022-11-14T15:17:55","guid":{"rendered":"https:\/\/bluehendes-bad-camberg.de\/?page_id=282"},"modified":"2022-11-14T15:17:56","modified_gmt":"2022-11-14T15:17:56","slug":"schwebfliegen","status":"publish","type":"page","link":"https:\/\/bluehendes-bad-camberg.de\/?page_id=282","title":{"rendered":"Schwebfliegen"},"content":{"rendered":"<ul class=\"wp-block-latest-posts__list wp-block-latest-posts\"><li><a class=\"wp-block-latest-posts__post-title\" href=\"https:\/\/bluehendes-bad-camberg.de\/?p=279\">Die Lebensweise der Schwebfliegen<\/a><div class=\"wp-block-latest-posts__post-excerpt\">In den gem\u00e4\u00dfigten Breiten stellen Schwebfliege neben den Bienen die wichtigste Gruppe der best\u00e4ubenden Insekten dar. Die Schwebfliegen geh\u00f6ren zur Insektenordnung der Zweifl\u00fcgler (Diptera) und bilden die Familie der Syrphidea, den Schwirrfliegen. Es gibt sehr viele Unterarten, die sich im aussehen und in der Lebensweise der Larven sehr stark voneinander unterscheiden. Schwebfliegen betreiben sehr effektiv&hellip; <a class=\"more-link\" href=\"https:\/\/bluehendes-bad-camberg.de\/?p=279\"><span class=\"screen-reader-text\">Die Lebensweise der Schwebfliegen<\/span> weiterlesen<\/a><\/div><\/li>\n<li><a class=\"wp-block-latest-posts__post-title\" href=\"https:\/\/bluehendes-bad-camberg.de\/?p=275\">Schwebfliegen<\/a><div class=\"wp-block-latest-posts__post-excerpt\">In Deutschland leben etwa 450 Schwebfliegenarten, auf der ganzen Welt gibt es etwa 6.000 Arten. Sie sind je nach Art 4 bis 20 mm gro\u00df, ern\u00e4hren sich von fl\u00fcssigem Nektar und zerbei\u00dfen Pollen, um diesen zu essen. So geh\u00f6ren sie auch zu den Best\u00e4uberinsekten. Schwebfliegen beherrschen den sogenannten Schwirrflug, durch den sie mit bis zu&hellip; <a class=\"more-link\" href=\"https:\/\/bluehendes-bad-camberg.de\/?p=275\"><span class=\"screen-reader-text\">Schwebfliegen<\/span> weiterlesen<\/a><\/div><\/li>\n<\/ul>","protected":false},"excerpt":{"rendered":"","protected":false},"author":1,"featured_media":0,"parent":0,"menu_order":0,"comment_status":"closed","ping_status":"closed","template":"","meta":[],"_links":{"self":[{"href":"https:\/\/bluehendes-bad-camberg.de\/index.php?rest_route=\/wp\/v2\/pages\/282"}],"collection":[{"href":"https:\/\/bluehendes-bad-camberg.de\/index.php?rest_route=\/wp\/v2\/pages"}],"about":[{"href":"https:\/\/bluehendes-bad-camberg.de\/index.php?rest_route=\/wp\/v2\/types\/page"}],"author":[{"embeddable":true,"href":"https:\/\/bluehendes-bad-camberg.de\/index.php?rest_route=\/wp\/v2\/users\/1"}],"replies":[{"embeddable":true,"href":"https:\/\/bluehendes-bad-camberg.de\/index.php?rest_route=%2Fwp%2Fv2%2Fcomments&post=282"}],"version-history":[{"count":1,"href":"https:\/\/bluehendes-bad-camberg.de\/index.php?rest_route=\/wp\/v2\/pages\/282\/revisions"}],"predecessor-version":[{"id":283,"href":"https:\/\/bluehendes-bad-camberg.de\/index.php?rest_route=\/wp\/v2\/pages\/282\/revisions\/283"}],"wp:attachment":[{"href":"https:\/\/bluehendes-bad-camberg.de\/index.php?rest_route=%2Fwp%2Fv2%2Fmedia&parent=282"}],"curies":[{"name":"wp","href":"https:\/\/api.w.org\/{rel}","templated":true}]}}