{"id":334,"date":"2022-11-24T16:07:25","date_gmt":"2022-11-24T16:07:25","guid":{"rendered":"https:\/\/bluehendes-bad-camberg.de\/?page_id=334"},"modified":"2022-11-24T16:07:26","modified_gmt":"2022-11-24T16:07:26","slug":"hummeln","status":"publish","type":"page","link":"https:\/\/bluehendes-bad-camberg.de\/?page_id=334","title":{"rendered":"Hummeln"},"content":{"rendered":"<ul class=\"wp-block-latest-posts__list wp-block-latest-posts\"><li><a class=\"wp-block-latest-posts__post-title\" href=\"https:\/\/bluehendes-bad-camberg.de\/?p=327\">Hummeln Lebensweise<\/a><div class=\"wp-block-latest-posts__post-excerpt\">W\u00e4hrend die Arbeiterinnen, Drohnen und die alte K\u00f6nigin im Herbst sterben, verlassen die jungen begatteten K\u00f6niginnen das Nest und suchen sich in der N\u00e4he Stellen mit lockerem Erdreich, das mit Laub bedeckt ist, und graben sich ein. Das Laub ist f\u00fcr die in Winterstarre fallenden K\u00f6niginnen im Fr\u00fchjahr sehr wichtig, da es den Boden beschattet&hellip; <a class=\"more-link\" href=\"https:\/\/bluehendes-bad-camberg.de\/?p=327\"><span class=\"screen-reader-text\">Hummeln Lebensweise<\/span> weiterlesen<\/a><\/div><\/li>\n<li><a class=\"wp-block-latest-posts__post-title\" href=\"https:\/\/bluehendes-bad-camberg.de\/?p=325\">Hummeln<\/a><div class=\"wp-block-latest-posts__post-excerpt\">Ein Hummelvolk ist so \u00e4hnlich aufgebaut wie ein Bienenvolk, es gibt eine K\u00f6nigin, Drohnen und mehrere Arbeiterinnen. In einem Hummelvolk gibt es jedoch nur etwa 50 bis 600 Tiere. Im Gegensatz zu den Bienen \u00fcberwintert die K\u00f6nigin alleine und braucht so im Fr\u00fchling erst einmal Zeit, um das neue Volk aufzubauen. Im zeitigen Fr\u00fchjahr erwacht&hellip; <a class=\"more-link\" href=\"https:\/\/bluehendes-bad-camberg.de\/?p=325\"><span class=\"screen-reader-text\">Hummeln<\/span> weiterlesen<\/a><\/div><\/li>\n<\/ul>","protected":false},"excerpt":{"rendered":"","protected":false},"author":1,"featured_media":0,"parent":0,"menu_order":0,"comment_status":"closed","ping_status":"closed","template":"","meta":[],"_links":{"self":[{"href":"https:\/\/bluehendes-bad-camberg.de\/index.php?rest_route=\/wp\/v2\/pages\/334"}],"collection":[{"href":"https:\/\/bluehendes-bad-camberg.de\/index.php?rest_route=\/wp\/v2\/pages"}],"about":[{"href":"https:\/\/bluehendes-bad-camberg.de\/index.php?rest_route=\/wp\/v2\/types\/page"}],"author":[{"embeddable":true,"href":"https:\/\/bluehendes-bad-camberg.de\/index.php?rest_route=\/wp\/v2\/users\/1"}],"replies":[{"embeddable":true,"href":"https:\/\/bluehendes-bad-camberg.de\/index.php?rest_route=%2Fwp%2Fv2%2Fcomments&post=334"}],"version-history":[{"count":1,"href":"https:\/\/bluehendes-bad-camberg.de\/index.php?rest_route=\/wp\/v2\/pages\/334\/revisions"}],"predecessor-version":[{"id":335,"href":"https:\/\/bluehendes-bad-camberg.de\/index.php?rest_route=\/wp\/v2\/pages\/334\/revisions\/335"}],"wp:attachment":[{"href":"https:\/\/bluehendes-bad-camberg.de\/index.php?rest_route=%2Fwp%2Fv2%2Fmedia&parent=334"}],"curies":[{"name":"wp","href":"https:\/\/api.w.org\/{rel}","templated":true}]}}