{"id":375,"date":"2022-11-24T16:36:51","date_gmt":"2022-11-24T16:36:51","guid":{"rendered":"https:\/\/bluehendes-bad-camberg.de\/?page_id=375"},"modified":"2022-11-24T16:36:52","modified_gmt":"2022-11-24T16:36:52","slug":"helfen-sie","status":"publish","type":"page","link":"https:\/\/bluehendes-bad-camberg.de\/?page_id=375","title":{"rendered":"Helfen Sie!"},"content":{"rendered":"<ul class=\"wp-block-latest-posts__list wp-block-latest-posts\"><li><a class=\"wp-block-latest-posts__post-title\" href=\"https:\/\/bluehendes-bad-camberg.de\/?p=373\">Musterrechnung<\/a><div class=\"wp-block-latest-posts__post-excerpt\">f\u00fcr die Umwandlung einer Rasenfl\u00e4che in eine bienenfreundliche Bl\u00fchfl\u00e4che F\u00fcr die Verwendung der mehrj\u00e4hrigen, gebietsheimischen Saatgutmischung \u201eBl\u00fchende Landschaft\u201c von Rieger und Hoffmann, 80 \u2013 140 cm H\u00f6he, Standzeit ca. 5 \u2013 8 Jahre: Das verwendete Saatgut kostet 38,52 \u20ac\/kg. &nbsp; Kosten f\u00fcr eine Bl\u00fchfl\u00e4che einmalig: Bei der Aussaat von 2 Gramm\/m\u00b2 entstehen reine Saatkoste 0,08&hellip; <a class=\"more-link\" href=\"https:\/\/bluehendes-bad-camberg.de\/?p=373\"><span class=\"screen-reader-text\">Musterrechnung<\/span> weiterlesen<\/a><\/div><\/li>\n<li><a class=\"wp-block-latest-posts__post-title\" href=\"https:\/\/bluehendes-bad-camberg.de\/?p=371\"><strong>Wie k\u00f6nnen Sie helfen unser Bad Camberg zum Bl\u00fchen zu bringen?<\/strong><\/a><div class=\"wp-block-latest-posts__post-excerpt\">Wir suchen Unternehmen und Grundbesitzer, die die M\u00f6glichkeit haben, Rasenfl\u00e4chen zur Umwandlung in Bl\u00fchfl\u00e4chen zur Verf\u00fcgung zu stellen. Die Vorteile sind nicht nur ein Imagegewinn sondern auch Einsparungen bei der Pflege, da Bl\u00fchwiesen maximal zweimal im Jahr gem\u00e4ht werden m\u00fcssen.<\/div><\/li>\n<\/ul>","protected":false},"excerpt":{"rendered":"","protected":false},"author":1,"featured_media":0,"parent":0,"menu_order":0,"comment_status":"closed","ping_status":"closed","template":"","meta":[],"_links":{"self":[{"href":"https:\/\/bluehendes-bad-camberg.de\/index.php?rest_route=\/wp\/v2\/pages\/375"}],"collection":[{"href":"https:\/\/bluehendes-bad-camberg.de\/index.php?rest_route=\/wp\/v2\/pages"}],"about":[{"href":"https:\/\/bluehendes-bad-camberg.de\/index.php?rest_route=\/wp\/v2\/types\/page"}],"author":[{"embeddable":true,"href":"https:\/\/bluehendes-bad-camberg.de\/index.php?rest_route=\/wp\/v2\/users\/1"}],"replies":[{"embeddable":true,"href":"https:\/\/bluehendes-bad-camberg.de\/index.php?rest_route=%2Fwp%2Fv2%2Fcomments&post=375"}],"version-history":[{"count":1,"href":"https:\/\/bluehendes-bad-camberg.de\/index.php?rest_route=\/wp\/v2\/pages\/375\/revisions"}],"predecessor-version":[{"id":376,"href":"https:\/\/bluehendes-bad-camberg.de\/index.php?rest_route=\/wp\/v2\/pages\/375\/revisions\/376"}],"wp:attachment":[{"href":"https:\/\/bluehendes-bad-camberg.de\/index.php?rest_route=%2Fwp%2Fv2%2Fmedia&parent=375"}],"curies":[{"name":"wp","href":"https:\/\/api.w.org\/{rel}","templated":true}]}}