{"id":4,"date":"2022-11-11T18:04:31","date_gmt":"2022-11-11T18:04:31","guid":{"rendered":"https:\/\/bluehendes-bad-camberg.de\/?page_id=4"},"modified":"2022-11-14T14:55:03","modified_gmt":"2022-11-14T14:55:03","slug":"willkommen-auf-https-bluehendes-bad-camberg-de","status":"publish","type":"page","link":"https:\/\/bluehendes-bad-camberg.de\/","title":{"rendered":"Warum Bl\u00fchfl\u00e4chen in Bad Camberg?"},"content":{"rendered":"\n<p>Der Imkerverein Bad Camberg e.V. und die Rotmilane W\u00fcrges haben die Initiative \u201eBl\u00fchendes Bad Camberg\u201c ins Leben gerufen.<\/p>\n\n\n\n<p>Ziel unserer Initiative ist es, auf die dramatische Situation der Insekten aufmerksam zu machen<\/p>\n\n\n\n<p>und das Nahrungsangebot f\u00fcr best\u00e4ubende Insekten im Raum Bad Camberg zu verbessern.<\/p>\n\n\n\n<figure class=\"wp-block-image size-full\"><img decoding=\"async\" loading=\"lazy\" width=\"300\" height=\"271\" src=\"https:\/\/bluehendes-bad-camberg.de\/wp-content\/uploads\/2022\/11\/ackerhummelkl-e1668436280170.jpg\" alt=\"\" class=\"wp-image-220\"\/><\/figure>\n\n\n\n<p>Bis zu 70 % unser Nahrungspflanzen werden von Insekten best\u00e4ubt. Diese Best\u00e4uber \u2013 Wildbienen, Hummeln, Schmetterlinge, Honigbienen,<\/p>\n\n\n\n<p>Schwebfliegen und Schlupfwespen \u2013 ben\u00f6tigen nektarreiche Bl\u00fctenpflanzen, aber die biologische Vielfalt in unserem Land nimmt immer mehr ab.<\/p>\n\n\n\n<p>Au\u00dferhalb der Ortschaften fehlt es bereits ab Mitte Juni an Nahrung f\u00fcr die best\u00e4ubenden Insekten,<\/p>\n\n\n\n<p>was wir Imker an unseren Bienenv\u00f6lkern jedes Jahr aufs Neue mit Entsetzen feststellen.<\/p>\n\n\n\n<p>Wir m\u00fcssen immer \u00f6fter bereits im Juni Not f\u00fcttern,<\/p>\n\n\n\n<p>die Bienenv\u00f6lker w\u00fcrden ohne unsere Hilfe verhungern!<\/p>\n\n\n\n<p><strong>Es gibt im Sommer nicht mehr gen\u00fcgend nektarspendende Pflanzen!<\/strong><\/p>\n\n\n\n<p>Hier vor Ort in Bad Camberg<\/p>\n\n\n\n<p>mitten in Hessen, in Deutschland!<\/p>\n\n\n\n<p><strong>Aber wer hilft den Wild<\/strong><strong>bienen<\/strong><strong>, Hummeln und Schmetterlingen?<\/strong><\/p>\n\n\n\n<p><strong>Wer f\u00fcttert sie?<\/strong><\/p>\n\n\n\n<h1><strong>Niemand.<\/strong><\/h1>\n\n\n\n<p>Blumenreiche M\u00e4hwiesen sind heutzutage eher die Ausnahme.<\/p>\n\n\n\n<p>Landwirtschaftlich genutzte Fl\u00e4chen, Weg- und Ackerr\u00e4nder, Privatg\u00e4rten, Parkanlagen, Firmengel\u00e4nde und Stra\u00dfenbegleitgr\u00fcn zeichnen sich oft durch eine Artenarmut aus.<\/p>\n\n\n\n<p>In den meisten F\u00e4llen sind sie nur noch gr\u00fcn, aber nicht mehr bunt, es bl\u00fcht im Sommer fast nichts mehr.<\/p>\n\n\n\n<p>In ihrer derzeitigen Form sind diese Fl\u00e4chen als Nahrungsquelle f\u00fcr best\u00e4ubende Insekten nicht nutzbar.<\/p>\n\n\n\n<p><strong>Das werden wir jetzt \u00e4ndern!<\/strong><\/p>\n\n\n\n<p><strong>Deshalb suchen wir Unterst\u00fctzer und Mitstreiter f\u00fcr unsere Initiative \u201eBl\u00fchendes Bad Camberg\u201c.<\/strong><\/p>\n\n\n\n<p>Schauen Sie sich auf unserer Seite um, lassen Sie sich \u00fcberraschen.<\/p>\n\n\n\n<p>Unsere Wildbienen, Hummeln, Schmetterlinge, Honigbienen, und Schwebfliegen<\/p>\n\n\n\n<p>&nbsp;brauchen unsere und Ihre Unterst\u00fctzung!<\/p>\n\n\n\n<p><strong>Jeder Meter z\u00e4hlt f\u00fcr ein<\/strong><\/p>\n\n\n\n<p><strong>Bl\u00fchendes Bad Camberg<\/strong><\/p>\n\n\n\n<p><strong>_______________________________________________________<\/strong><\/p>\n\n\n\n<p><strong>f\u00fcr uns alle, von uns allen.<\/strong><\/p>\n","protected":false},"excerpt":{"rendered":"<p>Der Imkerverein Bad Camberg e.V. und die Rotmilane W\u00fcrges haben die Initiative \u201eBl\u00fchendes Bad Camberg\u201c ins Leben gerufen. Ziel unserer Initiative ist es, auf die dramatische Situation der Insekten aufmerksam&hellip; <a class=\"more-link\" href=\"https:\/\/bluehendes-bad-camberg.de\/\"><span class=\"screen-reader-text\">Warum Bl\u00fchfl\u00e4chen in Bad Camberg?<\/span> weiterlesen<\/a><\/p>\n","protected":false},"author":1,"featured_media":0,"parent":0,"menu_order":0,"comment_status":"closed","ping_status":"open","template":"","meta":[],"_links":{"self":[{"href":"https:\/\/bluehendes-bad-camberg.de\/index.php?rest_route=\/wp\/v2\/pages\/4"}],"collection":[{"href":"https:\/\/bluehendes-bad-camberg.de\/index.php?rest_route=\/wp\/v2\/pages"}],"about":[{"href":"https:\/\/bluehendes-bad-camberg.de\/index.php?rest_route=\/wp\/v2\/types\/page"}],"author":[{"embeddable":true,"href":"https:\/\/bluehendes-bad-camberg.de\/index.php?rest_route=\/wp\/v2\/users\/1"}],"replies":[{"embeddable":true,"href":"https:\/\/bluehendes-bad-camberg.de\/index.php?rest_route=%2Fwp%2Fv2%2Fcomments&post=4"}],"version-history":[{"count":3,"href":"https:\/\/bluehendes-bad-camberg.de\/index.php?rest_route=\/wp\/v2\/pages\/4\/revisions"}],"predecessor-version":[{"id":238,"href":"https:\/\/bluehendes-bad-camberg.de\/index.php?rest_route=\/wp\/v2\/pages\/4\/revisions\/238"}],"wp:attachment":[{"href":"https:\/\/bluehendes-bad-camberg.de\/index.php?rest_route=%2Fwp%2Fv2%2Fmedia&parent=4"}],"curies":[{"name":"wp","href":"https:\/\/api.w.org\/{rel}","templated":true}]}}